{"id":307,"date":"2024-04-12T08:10:40","date_gmt":"2024-04-12T11:10:40","guid":{"rendered":"http:\/\/nova-pelle.local\/?page_id=307"},"modified":"2025-09-04T17:32:33","modified_gmt":"2025-09-04T20:32:33","slug":"contato","status":"publish","type":"page","link":"https:\/\/novapelle.com.br\/novo\/contato\/","title":{"rendered":"Contato"},"content":{"rendered":"","protected":false},"excerpt":{"rendered":"","protected":false},"author":1,"featured_media":0,"parent":0,"menu_order":0,"comment_status":"closed","ping_status":"closed","template":"elementor_header_footer","meta":{"_monsterinsights_skip_tracking":false,"_monsterinsights_sitenote_active":false,"_monsterinsights_sitenote_note":"","_monsterinsights_sitenote_category":0,"_joinchat":[],"footnotes":""},"class_list":["post-307","page","type-page","status-publish","hentry"],"aioseo_notices":[],"yoast_head":"<!-- This site is optimized with the Yoast SEO plugin v27.6 - https:\/\/yoast.com\/product\/yoast-seo-wordpress\/ -->\n<title>Fale com a Nova Pelle<\/title>\n<meta name=\"description\" content=\"Entre em contato com a Nova Pelle \u2013 consultas, sugest\u00f5es ou envio de curr\u00edculos via formul\u00e1rio. Atendimento em Bras\u00edlia, ASA Sul.\" \/>\n<meta name=\"robots\" content=\"index, follow, max-snippet:-1, max-image-preview:large, max-video-preview:-1\" \/>\n<link rel=\"canonical\" href=\"https:\/\/novapelle.com.br\/novo\/contato\/\" \/>\n<meta property=\"og:locale\" content=\"pt_BR\" \/>\n<meta property=\"og:type\" content=\"article\" \/>\n<meta property=\"og:title\" content=\"Fale com a Nova Pelle\" \/>\n<meta property=\"og:description\" content=\"Entre em contato com a Nova Pelle \u2013 consultas, sugest\u00f5es ou envio de curr\u00edculos via formul\u00e1rio. Atendimento em Bras\u00edlia, ASA Sul.\" \/>\n<meta property=\"og:url\" content=\"https:\/\/novapelle.com.br\/novo\/contato\/\" \/>\n<meta property=\"og:site_name\" content=\"Nova Pelle\" \/>\n<meta property=\"article:modified_time\" content=\"2025-09-04T20:32:33+00:00\" \/>\n<meta name=\"twitter:card\" content=\"summary_large_image\" \/>\n<script type=\"application\/ld+json\" class=\"yoast-schema-graph\">{\"@context\":\"https:\\\/\\\/schema.org\",\"@graph\":[{\"@type\":\"WebPage\",\"@id\":\"https:\\\/\\\/novapelle.com.br\\\/novo\\\/contato\\\/\",\"url\":\"https:\\\/\\\/novapelle.com.br\\\/novo\\\/contato\\\/\",\"name\":\"Fale com a Nova Pelle\",\"isPartOf\":{\"@id\":\"https:\\\/\\\/novapelle.com.br\\\/novo\\\/#website\"},\"datePublished\":\"2024-04-12T11:10:40+00:00\",\"dateModified\":\"2025-09-04T20:32:33+00:00\",\"description\":\"Entre em contato com a Nova Pelle \u2013 consultas, sugest\u00f5es ou envio de curr\u00edculos via formul\u00e1rio. Atendimento em Bras\u00edlia, ASA Sul.\",\"breadcrumb\":{\"@id\":\"https:\\\/\\\/novapelle.com.br\\\/novo\\\/contato\\\/#breadcrumb\"},\"inLanguage\":\"pt-BR\",\"potentialAction\":[{\"@type\":\"ReadAction\",\"target\":[\"https:\\\/\\\/novapelle.com.br\\\/novo\\\/contato\\\/\"]}]},{\"@type\":\"BreadcrumbList\",\"@id\":\"https:\\\/\\\/novapelle.com.br\\\/novo\\\/contato\\\/#breadcrumb\",\"itemListElement\":[{\"@type\":\"ListItem\",\"position\":1,\"name\":\"In\u00edcio\",\"item\":\"https:\\\/\\\/novapelle.com.br\\\/novo\\\/\"},{\"@type\":\"ListItem\",\"position\":2,\"name\":\"Contato\"}]},{\"@type\":\"WebSite\",\"@id\":\"https:\\\/\\\/novapelle.com.br\\\/novo\\\/#website\",\"url\":\"https:\\\/\\\/novapelle.com.br\\\/novo\\\/\",\"name\":\"Nova Pelle\",\"description\":\"Dermatologia e Est\u00e9tica\",\"potentialAction\":[{\"@type\":\"SearchAction\",\"target\":{\"@type\":\"EntryPoint\",\"urlTemplate\":\"https:\\\/\\\/novapelle.com.br\\\/novo\\\/?s={search_term_string}\"},\"query-input\":{\"@type\":\"PropertyValueSpecification\",\"valueRequired\":true,\"valueName\":\"search_term_string\"}}],\"inLanguage\":\"pt-BR\"}]}<\/script>\n<!-- \/ Yoast SEO plugin. -->","yoast_head_json":{"title":"Fale com a Nova Pelle","description":"Entre em contato com a Nova Pelle \u2013 consultas, sugest\u00f5es ou envio de curr\u00edculos via formul\u00e1rio. Atendimento em Bras\u00edlia, ASA Sul.","robots":{"index":"index","follow":"follow","max-snippet":"max-snippet:-1","max-image-preview":"max-image-preview:large","max-video-preview":"max-video-preview:-1"},"canonical":"https:\/\/novapelle.com.br\/novo\/contato\/","og_locale":"pt_BR","og_type":"article","og_title":"Fale com a Nova Pelle","og_description":"Entre em contato com a Nova Pelle \u2013 consultas, sugest\u00f5es ou envio de curr\u00edculos via formul\u00e1rio. Atendimento em Bras\u00edlia, ASA Sul.","og_url":"https:\/\/novapelle.com.br\/novo\/contato\/","og_site_name":"Nova Pelle","article_modified_time":"2025-09-04T20:32:33+00:00","twitter_card":"summary_large_image","schema":{"@context":"https:\/\/schema.org","@graph":[{"@type":"WebPage","@id":"https:\/\/novapelle.com.br\/novo\/contato\/","url":"https:\/\/novapelle.com.br\/novo\/contato\/","name":"Fale com a Nova Pelle","isPartOf":{"@id":"https:\/\/novapelle.com.br\/novo\/#website"},"datePublished":"2024-04-12T11:10:40+00:00","dateModified":"2025-09-04T20:32:33+00:00","description":"Entre em contato com a Nova Pelle \u2013 consultas, sugest\u00f5es ou envio de curr\u00edculos via formul\u00e1rio. Atendimento em Bras\u00edlia, ASA Sul.","breadcrumb":{"@id":"https:\/\/novapelle.com.br\/novo\/contato\/#breadcrumb"},"inLanguage":"pt-BR","potentialAction":[{"@type":"ReadAction","target":["https:\/\/novapelle.com.br\/novo\/contato\/"]}]},{"@type":"BreadcrumbList","@id":"https:\/\/novapelle.com.br\/novo\/contato\/#breadcrumb","itemListElement":[{"@type":"ListItem","position":1,"name":"In\u00edcio","item":"https:\/\/novapelle.com.br\/novo\/"},{"@type":"ListItem","position":2,"name":"Contato"}]},{"@type":"WebSite","@id":"https:\/\/novapelle.com.br\/novo\/#website","url":"https:\/\/novapelle.com.br\/novo\/","name":"Nova Pelle","description":"Dermatologia e Est\u00e9tica","potentialAction":[{"@type":"SearchAction","target":{"@type":"EntryPoint","urlTemplate":"https:\/\/novapelle.com.br\/novo\/?s={search_term_string}"},"query-input":{"@type":"PropertyValueSpecification","valueRequired":true,"valueName":"search_term_string"}}],"inLanguage":"pt-BR"}]}},"_links":{"self":[{"href":"https:\/\/novapelle.com.br\/novo\/wp-json\/wp\/v2\/pages\/307","targetHints":{"allow":["GET"]}}],"collection":[{"href":"https:\/\/novapelle.com.br\/novo\/wp-json\/wp\/v2\/pages"}],"about":[{"href":"https:\/\/novapelle.com.br\/novo\/wp-json\/wp\/v2\/types\/page"}],"author":[{"embeddable":true,"href":"https:\/\/novapelle.com.br\/novo\/wp-json\/wp\/v2\/users\/1"}],"replies":[{"embeddable":true,"href":"https:\/\/novapelle.com.br\/novo\/wp-json\/wp\/v2\/comments?post=307"}],"version-history":[{"count":4,"href":"https:\/\/novapelle.com.br\/novo\/wp-json\/wp\/v2\/pages\/307\/revisions"}],"predecessor-version":[{"id":312,"href":"https:\/\/novapelle.com.br\/novo\/wp-json\/wp\/v2\/pages\/307\/revisions\/312"}],"wp:attachment":[{"href":"https:\/\/novapelle.com.br\/novo\/wp-json\/wp\/v2\/media?parent=307"}],"curies":[{"name":"wp","href":"https:\/\/api.w.org\/{rel}","templated":true}]}}